{"id":107,"date":"2020-03-05T10:48:17","date_gmt":"2020-03-05T09:48:17","guid":{"rendered":"http:\/\/www.lalpaga-superbesse.fr\/?page_id=107"},"modified":"2026-01-24T13:43:19","modified_gmt":"2026-01-24T12:43:19","slug":"le-chalet-lalpaga","status":"publish","type":"page","link":"http:\/\/www.lalpaga-superbesse.fr\/","title":{"rendered":"LE CHALET L&rsquo;ALPAGA"},"content":{"rendered":"\n<h1 class=\"wp-block-heading has-text-align-center\"><strong>&nbsp;LE CHALET L&rsquo;ALPAGA<\/strong><\/h1>\n\n\n\n<figure class=\"wp-block-image size-large\"><img loading=\"lazy\" decoding=\"async\" width=\"1024\" height=\"683\" src=\"http:\/\/www.lalpaga-superbesse.fr\/wp-content\/uploads\/2026\/01\/DD4F8AC5-67BA-40EB-8FB7-28EE179592DD-2-1024x683.png\" alt=\"\" class=\"wp-image-53305\" srcset=\"http:\/\/www.lalpaga-superbesse.fr\/wp-content\/uploads\/2026\/01\/DD4F8AC5-67BA-40EB-8FB7-28EE179592DD-2-1024x683.png 1024w, http:\/\/www.lalpaga-superbesse.fr\/wp-content\/uploads\/2026\/01\/DD4F8AC5-67BA-40EB-8FB7-28EE179592DD-2-300x200.png 300w, http:\/\/www.lalpaga-superbesse.fr\/wp-content\/uploads\/2026\/01\/DD4F8AC5-67BA-40EB-8FB7-28EE179592DD-2-768x512.png 768w, http:\/\/www.lalpaga-superbesse.fr\/wp-content\/uploads\/2026\/01\/DD4F8AC5-67BA-40EB-8FB7-28EE179592DD-2.png 1536w\" sizes=\"auto, (max-width: 1024px) 100vw, 1024px\" \/><\/figure>\n\n\n\n<p><strong>Au c\u0153ur de la France est l\u2019Auvergne et au c\u0153ur de l\u2019auvergne le massif du Sancy.&nbsp;<\/strong><\/p>\n\n\n\n<p>Bienvenue \u00e0 Super Besse, le chalet l\u2019Alpaga vous attend toute l\u2019ann\u00e9e.<\/p>\n\n\n\n<p>Il est \u00e9quip\u00e9 pour accueillir 14 personnes.<\/p>\n\n\n\n<p><strong>Proche de toute les commodit\u00e9s et activit\u00e9s&nbsp;:<\/strong><\/p>\n\n\n\n<ul class=\"wp-block-list\">\n<li>300m du lac des Hermines<\/li>\n\n\n\n<li>150m des commerces<\/li>\n\n\n\n<li>50 m de la navette gratuite pour les sports d\u2019hiver. <\/li>\n<\/ul>\n\n\n\n<p><\/p>\n\n\n\n<p>Le chalet offre une vue sur le domaine skiable et sur les monts du Cantal.<\/p>\n\n\n\n<p><\/p>\n\n\n\n<p><br><\/p>\n","protected":false},"excerpt":{"rendered":"<p>&nbsp;LE CHALET L&rsquo;ALPAGA Au c\u0153ur de la France est l\u2019Auvergne et au c\u0153ur de l\u2019auvergne le massif du Sancy.&nbsp; Bienvenue \u00e0 Super Besse, le chalet l\u2019Alpaga vous attend toute l\u2019ann\u00e9e. Il est \u00e9quip\u00e9 pour accueillir 14 personnes. Proche de toute les commodit\u00e9s et activit\u00e9s&nbsp;: Le chalet offre une vue sur le domaine skiable et sur &#8230; <a title=\"LE CHALET L&rsquo;ALPAGA\" class=\"read-more\" href=\"http:\/\/www.lalpaga-superbesse.fr\/\" aria-label=\"En savoir plus sur LE CHALET L&rsquo;ALPAGA\">Lire la suite<\/a><\/p>\n","protected":false},"author":1,"featured_media":0,"parent":0,"menu_order":0,"comment_status":"closed","ping_status":"open","template":"","meta":{"footnotes":""},"class_list":["post-107","page","type-page","status-publish"],"_links":{"self":[{"href":"http:\/\/www.lalpaga-superbesse.fr\/index.php\/wp-json\/wp\/v2\/pages\/107","targetHints":{"allow":["GET"]}}],"collection":[{"href":"http:\/\/www.lalpaga-superbesse.fr\/index.php\/wp-json\/wp\/v2\/pages"}],"about":[{"href":"http:\/\/www.lalpaga-superbesse.fr\/index.php\/wp-json\/wp\/v2\/types\/page"}],"author":[{"embeddable":true,"href":"http:\/\/www.lalpaga-superbesse.fr\/index.php\/wp-json\/wp\/v2\/users\/1"}],"replies":[{"embeddable":true,"href":"http:\/\/www.lalpaga-superbesse.fr\/index.php\/wp-json\/wp\/v2\/comments?post=107"}],"version-history":[{"count":12,"href":"http:\/\/www.lalpaga-superbesse.fr\/index.php\/wp-json\/wp\/v2\/pages\/107\/revisions"}],"predecessor-version":[{"id":53307,"href":"http:\/\/www.lalpaga-superbesse.fr\/index.php\/wp-json\/wp\/v2\/pages\/107\/revisions\/53307"}],"wp:attachment":[{"href":"http:\/\/www.lalpaga-superbesse.fr\/index.php\/wp-json\/wp\/v2\/media?parent=107"}],"curies":[{"name":"wp","href":"https:\/\/api.w.org\/{rel}","templated":true}]}}