{"id":160,"date":"2020-03-08T00:08:06","date_gmt":"2020-03-07T23:08:06","guid":{"rendered":"http:\/\/www.lalpaga-superbesse.fr\/?page_id=160"},"modified":"2020-03-08T00:08:07","modified_gmt":"2020-03-07T23:08:07","slug":"que-faire-a-superbesse","status":"publish","type":"page","link":"http:\/\/www.lalpaga-superbesse.fr\/index.php\/que-faire-a-superbesse\/","title":{"rendered":"Que faire \u00e0 Superbesse :"},"content":{"rendered":"\n<p><\/p>\n\n\n\n<ul class=\"wp-block-list\"><li><a href=\"https:\/\/www.sancy.com\/destination\/toutes-les-communes\/superbesse\/\">Les activit\u00e9s et la station office de tourisme de superbesse :<\/a><\/li><li><a href=\"https:\/\/www.tripadvisor.fr\/Restaurants-g666790-Besse_et_Saint_Anastaise_Puy_de_Dome_Auvergne_Rhone_Alpes.html\">Restaurants<\/a><\/li><li><a href=\"https:\/\/www.sancy.com\/enneigement\/plan-des-pistes\/\">Plan des pistes de ski<\/a><\/li><li><a href=\"https:\/\/www.sancy.com\/destination\/toutes-les-communes\/superbesse\/randonnee-a-super-besse\/\">Plan randonn\u00e9es<\/a><\/li><li>Tyrolienne&nbsp;: tyrolienne g\u00e9ante de 1600m de long vous permettra un survol vertigineux de la station. D\u00e9nivel\u00e9 de 240m, le plus important de France. En solo ou en duo, cette descente extraordinaire marquera votre visite \u00e0 Super Besse en \u00e9t\u00e9 comme en hiver. Acc\u00e8s en solo permis aux enfants de plus de 35kg et de 12 ans minimum. Poids maximum 120kg.<\/li><li>Accrobranche&nbsp;: <strong>Nouveaut\u00e9 2019 ! Une activit\u00e9 unique et originale dans le cirque de la Biche en plein c\u0153ur du Massif du Sancy !! Parcours hors du commun de 2600 m de long, alliant Tyroliennes, passerelles, via ferrata, pont de singe, sauts dans le vide.<\/strong><\/li><\/ul>\n\n\n\n<p>Venez vivre une aventure hors du commun avec ce parcours alliant 20 tyroliennes dont 2 tyroliennes de 230 et 295 m\u00e8tres de long survolant la cascade de la Biche, et des ateliers : passerelles, 2 via ferratas, pont de singe, 10 ponts suspendus et 4 quick jumps dont un \u00e0 la sortie pour un final fort en sensations.<\/p>\n\n\n\n<ul class=\"wp-block-list\"><li>Salle des Hermines&nbsp;: Le Parc aventure de Super-Besse est \u00e9quip\u00e9 de divers jeux pour les enfants, espace bambins, mats d&rsquo;escalade, parcours acrobatiques, espace labyrinthe, bowling.<\/li><li>Piscine et spa&nbsp;: Nouveaut\u00e9 hiver 2020 : 2200 m2 d&rsquo;espace aquatique d\u00e9di\u00e9s au bien-\u00eatre et la d\u00e9tente. Un bassin baln\u00e9oludique, un aquasplash, un espace bien-\u00eatre vous attendent face \u00e0 la montagne.<\/li><li>Loueurs (ski, v\u00e9lo\u2026)<\/li><li>Ev\u00e8nements&nbsp;: saint cochon, troph\u00e9e Andros\u2026<\/li><\/ul>\n","protected":false},"excerpt":{"rendered":"<p>Les activit\u00e9s et la station office de tourisme de superbesse : Restaurants Plan des pistes de ski Plan randonn\u00e9es Tyrolienne&nbsp;: tyrolienne g\u00e9ante de 1600m de long vous permettra un survol vertigineux de la station. D\u00e9nivel\u00e9 de 240m, le plus important de France. En solo ou en duo, cette descente extraordinaire marquera votre visite \u00e0 Super &#8230; <a title=\"Que faire \u00e0 Superbesse :\" class=\"read-more\" href=\"http:\/\/www.lalpaga-superbesse.fr\/index.php\/que-faire-a-superbesse\/\" aria-label=\"En savoir plus sur Que faire \u00e0 Superbesse :\">Lire la suite<\/a><\/p>\n","protected":false},"author":1,"featured_media":0,"parent":0,"menu_order":0,"comment_status":"closed","ping_status":"closed","template":"","meta":{"footnotes":""},"class_list":["post-160","page","type-page","status-publish"],"_links":{"self":[{"href":"http:\/\/www.lalpaga-superbesse.fr\/index.php\/wp-json\/wp\/v2\/pages\/160","targetHints":{"allow":["GET"]}}],"collection":[{"href":"http:\/\/www.lalpaga-superbesse.fr\/index.php\/wp-json\/wp\/v2\/pages"}],"about":[{"href":"http:\/\/www.lalpaga-superbesse.fr\/index.php\/wp-json\/wp\/v2\/types\/page"}],"author":[{"embeddable":true,"href":"http:\/\/www.lalpaga-superbesse.fr\/index.php\/wp-json\/wp\/v2\/users\/1"}],"replies":[{"embeddable":true,"href":"http:\/\/www.lalpaga-superbesse.fr\/index.php\/wp-json\/wp\/v2\/comments?post=160"}],"version-history":[{"count":2,"href":"http:\/\/www.lalpaga-superbesse.fr\/index.php\/wp-json\/wp\/v2\/pages\/160\/revisions"}],"predecessor-version":[{"id":179,"href":"http:\/\/www.lalpaga-superbesse.fr\/index.php\/wp-json\/wp\/v2\/pages\/160\/revisions\/179"}],"wp:attachment":[{"href":"http:\/\/www.lalpaga-superbesse.fr\/index.php\/wp-json\/wp\/v2\/media?parent=160"}],"curies":[{"name":"wp","href":"https:\/\/api.w.org\/{rel}","templated":true}]}}