{"id":161,"date":"2020-03-07T23:57:16","date_gmt":"2020-03-07T22:57:16","guid":{"rendered":"http:\/\/www.lalpaga-superbesse.fr\/?page_id=161"},"modified":"2020-10-10T10:20:37","modified_gmt":"2020-10-10T09:20:37","slug":"les-plus-de-lalpaga","status":"publish","type":"page","link":"http:\/\/www.lalpaga-superbesse.fr\/index.php\/les-plus-de-lalpaga\/","title":{"rendered":"Les plus de l&rsquo;alpaga"},"content":{"rendered":"\n<ul class=\"wp-block-list\"><li>Tous nos lits sont propos\u00e9s avec des couettes<\/li><li>Les draps, housses de couettes et serviettes de toilette sont fournis<\/li><li>Tout le n\u00e9cessaire de m\u00e9nage est pr\u00e9vu \u00e0 chaque \u00e9tage\u00a0<\/li><li>Kit accueil\u00a0:\u00a0<ul><li>\u00a02 pastilles pour le lave-vaisselle<\/li><li>1 rouleau de papier toilette dans les sanitaires<\/li><li>Torchons et essui main<\/li><li>4 capsules Nespresso et 2 sachets de th\u00e9<\/li><\/ul><\/li><li>Beaucoup de rangement<\/li><li>N\u00e9cessaire b\u00e9b\u00e9-enfant (pot, rehausseur, poussette cane, baignoire)<\/li><li>Netflix et wifi gratuit<\/li><li>T\u00e9l\u00e9 avec les chaines Free<\/li><\/ul>\n","protected":false},"excerpt":{"rendered":"<p>Tous nos lits sont propos\u00e9s avec des couettes Les draps, housses de couettes et serviettes de toilette sont fournis Tout le n\u00e9cessaire de m\u00e9nage est pr\u00e9vu \u00e0 chaque \u00e9tage\u00a0 Kit accueil\u00a0:\u00a0 \u00a02 pastilles pour le lave-vaisselle 1 rouleau de papier toilette dans les sanitaires Torchons et essui main 4 capsules Nespresso et 2 sachets de &#8230; <a title=\"Les plus de l&rsquo;alpaga\" class=\"read-more\" href=\"http:\/\/www.lalpaga-superbesse.fr\/index.php\/les-plus-de-lalpaga\/\" aria-label=\"En savoir plus sur Les plus de l&rsquo;alpaga\">Lire la suite<\/a><\/p>\n","protected":false},"author":1,"featured_media":0,"parent":0,"menu_order":0,"comment_status":"closed","ping_status":"closed","template":"","meta":{"footnotes":""},"class_list":["post-161","page","type-page","status-publish"],"_links":{"self":[{"href":"http:\/\/www.lalpaga-superbesse.fr\/index.php\/wp-json\/wp\/v2\/pages\/161","targetHints":{"allow":["GET"]}}],"collection":[{"href":"http:\/\/www.lalpaga-superbesse.fr\/index.php\/wp-json\/wp\/v2\/pages"}],"about":[{"href":"http:\/\/www.lalpaga-superbesse.fr\/index.php\/wp-json\/wp\/v2\/types\/page"}],"author":[{"embeddable":true,"href":"http:\/\/www.lalpaga-superbesse.fr\/index.php\/wp-json\/wp\/v2\/users\/1"}],"replies":[{"embeddable":true,"href":"http:\/\/www.lalpaga-superbesse.fr\/index.php\/wp-json\/wp\/v2\/comments?post=161"}],"version-history":[{"count":2,"href":"http:\/\/www.lalpaga-superbesse.fr\/index.php\/wp-json\/wp\/v2\/pages\/161\/revisions"}],"predecessor-version":[{"id":370,"href":"http:\/\/www.lalpaga-superbesse.fr\/index.php\/wp-json\/wp\/v2\/pages\/161\/revisions\/370"}],"wp:attachment":[{"href":"http:\/\/www.lalpaga-superbesse.fr\/index.php\/wp-json\/wp\/v2\/media?parent=161"}],"curies":[{"name":"wp","href":"https:\/\/api.w.org\/{rel}","templated":true}]}}