{"id":63,"date":"2019-12-13T21:18:20","date_gmt":"2019-12-13T21:18:20","guid":{"rendered":"http:\/\/192.168.1.200\/lalpaga\/?page_id=63"},"modified":"2026-01-24T13:49:19","modified_gmt":"2026-01-24T12:49:19","slug":"exterieur","status":"publish","type":"page","link":"http:\/\/www.lalpaga-superbesse.fr\/index.php\/exterieur\/","title":{"rendered":"Ext\u00e9rieur"},"content":{"rendered":"\n<figure class=\"wp-block-gallery has-nested-images columns-default is-cropped wp-block-gallery-1 is-layout-flex wp-block-gallery-is-layout-flex\">\n<figure class=\"wp-block-image size-large\"><img loading=\"lazy\" decoding=\"async\" width=\"1024\" height=\"683\" data-id=\"53308\" src=\"http:\/\/www.lalpaga-superbesse.fr\/wp-content\/uploads\/2026\/01\/A3289E89-AB11-4170-97A5-0DD645EF0904-1024x683.png\" alt=\"\" class=\"wp-image-53308\" srcset=\"http:\/\/www.lalpaga-superbesse.fr\/wp-content\/uploads\/2026\/01\/A3289E89-AB11-4170-97A5-0DD645EF0904-1024x683.png 1024w, http:\/\/www.lalpaga-superbesse.fr\/wp-content\/uploads\/2026\/01\/A3289E89-AB11-4170-97A5-0DD645EF0904-300x200.png 300w, http:\/\/www.lalpaga-superbesse.fr\/wp-content\/uploads\/2026\/01\/A3289E89-AB11-4170-97A5-0DD645EF0904-768x512.png 768w, http:\/\/www.lalpaga-superbesse.fr\/wp-content\/uploads\/2026\/01\/A3289E89-AB11-4170-97A5-0DD645EF0904.png 1536w\" sizes=\"auto, (max-width: 1024px) 100vw, 1024px\" \/><\/figure>\n\n\n\n<figure class=\"wp-block-image size-large\"><img loading=\"lazy\" decoding=\"async\" width=\"1024\" height=\"576\" data-id=\"7856\" src=\"http:\/\/www.lalpaga-superbesse.fr\/wp-content\/uploads\/2024\/12\/28-TERRASSE-R1-4-1024x576.jpg\" alt=\"\" class=\"wp-image-7856\" srcset=\"http:\/\/www.lalpaga-superbesse.fr\/wp-content\/uploads\/2024\/12\/28-TERRASSE-R1-4-1024x576.jpg 1024w, http:\/\/www.lalpaga-superbesse.fr\/wp-content\/uploads\/2024\/12\/28-TERRASSE-R1-4-300x169.jpg 300w, http:\/\/www.lalpaga-superbesse.fr\/wp-content\/uploads\/2024\/12\/28-TERRASSE-R1-4-768x432.jpg 768w, http:\/\/www.lalpaga-superbesse.fr\/wp-content\/uploads\/2024\/12\/28-TERRASSE-R1-4-1536x864.jpg 1536w, http:\/\/www.lalpaga-superbesse.fr\/wp-content\/uploads\/2024\/12\/28-TERRASSE-R1-4.jpg 2016w\" sizes=\"auto, (max-width: 1024px) 100vw, 1024px\" \/><\/figure>\n<\/figure>\n\n\n\n<figure class=\"wp-block-gallery has-nested-images columns-default is-cropped wp-block-gallery-2 is-layout-flex wp-block-gallery-is-layout-flex\"><\/figure>\n\n\n\n<p>Agr\u00e9able en toutes saisons.<\/p>\n\n\n\n<p>Vous pourrez stationner plusieurs v\u00e9hicules dans le parking.<\/p>\n\n\n\n<p>Grace \u00e0 l&rsquo;escalier situ\u00e9 sur l\u2019arri\u00e8re du chalet, l&rsquo;acc\u00e8s \u00e0 la navette gratuite pour la saison d&rsquo;hiver se situe \u00e0 50 m pour vous amener aux pieds des pistes.<\/p>\n\n\n\n<p>Les commerces sont \u00e9galement accessibles \u00e0 pied par l&rsquo;escalier (150 m).<\/p>\n\n\n\n<p><\/p>\n\n\n\n<figure class=\"wp-block-gallery has-nested-images columns-default is-cropped wp-block-gallery-3 is-layout-flex wp-block-gallery-is-layout-flex\">\n<figure class=\"wp-block-image size-large\"><img loading=\"lazy\" decoding=\"async\" width=\"807\" height=\"605\" data-id=\"347\" src=\"http:\/\/www.lalpaga-superbesse.fr\/wp-content\/uploads\/2020\/10\/6-ESCALIER-ACCES-NAVETTE-site-1.jpg\" alt=\"\" class=\"wp-image-347\" srcset=\"http:\/\/www.lalpaga-superbesse.fr\/wp-content\/uploads\/2020\/10\/6-ESCALIER-ACCES-NAVETTE-site-1.jpg 807w, http:\/\/www.lalpaga-superbesse.fr\/wp-content\/uploads\/2020\/10\/6-ESCALIER-ACCES-NAVETTE-site-1-300x225.jpg 300w, http:\/\/www.lalpaga-superbesse.fr\/wp-content\/uploads\/2020\/10\/6-ESCALIER-ACCES-NAVETTE-site-1-768x576.jpg 768w\" sizes=\"auto, (max-width: 807px) 100vw, 807px\" \/><\/figure>\n\n\n\n<figure class=\"wp-block-image size-large\"><img loading=\"lazy\" decoding=\"async\" width=\"1024\" height=\"768\" data-id=\"7849\" src=\"http:\/\/www.lalpaga-superbesse.fr\/wp-content\/uploads\/2024\/12\/23-VUE-ARRET-NAVETTE-AU-NIVEAU-DE-LESCALIER-EXTERIEUR-2-1024x768.jpg\" alt=\"\" class=\"wp-image-7849\" srcset=\"http:\/\/www.lalpaga-superbesse.fr\/wp-content\/uploads\/2024\/12\/23-VUE-ARRET-NAVETTE-AU-NIVEAU-DE-LESCALIER-EXTERIEUR-2-1024x768.jpg 1024w, http:\/\/www.lalpaga-superbesse.fr\/wp-content\/uploads\/2024\/12\/23-VUE-ARRET-NAVETTE-AU-NIVEAU-DE-LESCALIER-EXTERIEUR-2-300x225.jpg 300w, http:\/\/www.lalpaga-superbesse.fr\/wp-content\/uploads\/2024\/12\/23-VUE-ARRET-NAVETTE-AU-NIVEAU-DE-LESCALIER-EXTERIEUR-2-768x576.jpg 768w, http:\/\/www.lalpaga-superbesse.fr\/wp-content\/uploads\/2024\/12\/23-VUE-ARRET-NAVETTE-AU-NIVEAU-DE-LESCALIER-EXTERIEUR-2-1536x1152.jpg 1536w, http:\/\/www.lalpaga-superbesse.fr\/wp-content\/uploads\/2024\/12\/23-VUE-ARRET-NAVETTE-AU-NIVEAU-DE-LESCALIER-EXTERIEUR-2-2048x1536.jpg 2048w\" sizes=\"auto, (max-width: 1024px) 100vw, 1024px\" \/><\/figure>\n<\/figure>\n\n\n\n<p><\/p>\n","protected":false},"excerpt":{"rendered":"<p>Agr\u00e9able en toutes saisons. Vous pourrez stationner plusieurs v\u00e9hicules dans le parking. Grace \u00e0 l&rsquo;escalier situ\u00e9 sur l\u2019arri\u00e8re du chalet, l&rsquo;acc\u00e8s \u00e0 la navette gratuite pour la saison d&rsquo;hiver se situe \u00e0 50 m pour vous amener aux pieds des pistes. Les commerces sont \u00e9galement accessibles \u00e0 pied par l&rsquo;escalier (150 m).<\/p>\n","protected":false},"author":1,"featured_media":0,"parent":0,"menu_order":0,"comment_status":"closed","ping_status":"closed","template":"","meta":{"footnotes":""},"class_list":["post-63","page","type-page","status-publish"],"_links":{"self":[{"href":"http:\/\/www.lalpaga-superbesse.fr\/index.php\/wp-json\/wp\/v2\/pages\/63","targetHints":{"allow":["GET"]}}],"collection":[{"href":"http:\/\/www.lalpaga-superbesse.fr\/index.php\/wp-json\/wp\/v2\/pages"}],"about":[{"href":"http:\/\/www.lalpaga-superbesse.fr\/index.php\/wp-json\/wp\/v2\/types\/page"}],"author":[{"embeddable":true,"href":"http:\/\/www.lalpaga-superbesse.fr\/index.php\/wp-json\/wp\/v2\/users\/1"}],"replies":[{"embeddable":true,"href":"http:\/\/www.lalpaga-superbesse.fr\/index.php\/wp-json\/wp\/v2\/comments?post=63"}],"version-history":[{"count":13,"href":"http:\/\/www.lalpaga-superbesse.fr\/index.php\/wp-json\/wp\/v2\/pages\/63\/revisions"}],"predecessor-version":[{"id":53309,"href":"http:\/\/www.lalpaga-superbesse.fr\/index.php\/wp-json\/wp\/v2\/pages\/63\/revisions\/53309"}],"wp:attachment":[{"href":"http:\/\/www.lalpaga-superbesse.fr\/index.php\/wp-json\/wp\/v2\/media?parent=63"}],"curies":[{"name":"wp","href":"https:\/\/api.w.org\/{rel}","templated":true}]}}